{"id":1013,"date":"2024-05-15T12:35:43","date_gmt":"2024-05-15T10:35:43","guid":{"rendered":"https:\/\/expatinternet.es\/condiciones-del-servicio\/"},"modified":"2025-02-24T13:20:43","modified_gmt":"2025-02-24T12:20:43","slug":"condiciones-del-servicio","status":"publish","type":"page","link":"https:\/\/expatinternet.es\/es\/condiciones-del-servicio\/","title":{"rendered":"Condiciones del servicio"},"content":{"rendered":"\t\t<div data-elementor-type=\"wp-page\" data-elementor-id=\"1013\" class=\"elementor elementor-1013 elementor-752\">\n\t\t\t\t\t\t<section class=\"elementor-section elementor-top-section elementor-element elementor-element-ef43247 elementor-section-boxed elementor-section-height-default elementor-section-height-default\" data-id=\"ef43247\" data-element_type=\"section\">\n\t\t\t\t\t\t<div class=\"elementor-container elementor-column-gap-default\">\n\t\t\t\t\t<div class=\"elementor-column elementor-col-100 elementor-top-column elementor-element elementor-element-01d3ec6\" data-id=\"01d3ec6\" data-element_type=\"column\">\n\t\t\t<div class=\"elementor-widget-wrap elementor-element-populated\">\n\t\t\t\t\t\t<div class=\"elementor-element elementor-element-950778f elementor-widget elementor-widget-hub_fancy_heading\" data-id=\"950778f\" data-element_type=\"widget\" data-widget_type=\"hub_fancy_heading.default\">\n\t\t\t\t<div class=\"elementor-widget-container\">\n\t\t\t\t\t\n\t\t<div id=\"ld-fancy-heading-69f1addda57dc\" class=\"ld-fancy-heading pos-rel\">\n\t\t\t<h1 class=\"ld-fh-element d-inline-block pos-rel  elementor-heading-title lqd-highlight-classic lqd-highlight-grow-left h1\"  > Condiciones del servicio<\/h1>\t\t<\/div>\n\n\t\t\t\t\t\t<\/div>\n\t\t\t\t<\/div>\n\t\t\t\t\t<\/div>\n\t\t<\/div>\n\t\t\t\t\t<\/div>\n\t\t<\/section>\n\t\t\t\t<section class=\"elementor-section elementor-top-section elementor-element elementor-element-c5d708e elementor-section-boxed elementor-section-height-default elementor-section-height-default\" data-id=\"c5d708e\" data-element_type=\"section\">\n\t\t\t\t\t\t<div class=\"elementor-container elementor-column-gap-default\">\n\t\t\t\t\t<div class=\"elementor-column elementor-col-100 elementor-top-column elementor-element elementor-element-2a45bb9\" data-id=\"2a45bb9\" data-element_type=\"column\">\n\t\t\t<div class=\"elementor-widget-wrap elementor-element-populated\">\n\t\t\t\t\t\t<div class=\"elementor-element elementor-element-3847b7a elementor-widget elementor-widget-text-editor\" data-id=\"3847b7a\" data-element_type=\"widget\" data-widget_type=\"text-editor.default\">\n\t\t\t\t<div class=\"elementor-widget-container\">\n\t\t\t\t\t\t\t\t\t<p>GENERAL<\/p><p>Todos los precios incluyen el IVA. Precios v\u00e1lidos salvo error tipogr\u00e1fico. Ofertas sujetas a disponibilidad geogr\u00e1fica.<\/p><p>Todo el equipo es propiedad de Expat Internet SL y debe ser devuelto al final del periodo del contrato.<\/p><p><strong>FIBRA FUERA DE LA RED<\/strong><\/p><p>S\u00f3lo fibra<\/p><p>&#8211; Fibra 300mb: 12 meses de permanencia. Despu\u00e9s su precio es de 30\u20ac\/mes (IVA inc.)<\/p><p>&#8211; Fibra de 1000mb: Permanencia de 12 meses. Entonces su precio es de 40\u20ac\/mes (IVA inc.).<\/p><p><strong>Pack Fibra + M\u00f3vil + Fijo<\/strong><\/p><p>-Precio de la cobertura Xfera. Si no es posible la cobertura directa, el precio es de 40 \u20ac \/ mes (impuestos incl.)<\/p><p>3 Meses de permanencia. Multa de 190,00\u20ac+IVA. Si no se cumple la cuota de permanencia.<\/p><p><strong>L\u00edneas adicionales<\/strong><\/p><p>&#8211; M\u00e1ximo 1 extra por paquete.<br>&#8211; M\u00e1ximo 4 adicionales por paquete.<br>&#8211; 3 Meses de permanencia. Multa de 190,00+IVA. Si no se cumple la cuota de permanencia.<\/p><p><strong>M\u00d3VIL<\/strong><\/p><p>Servicio s\u00f3lo para uso personal. El usuario se abstendr\u00e1 de utilizar el Servicio Internet Expat de forma il\u00edcita o abusiva, incluyendo la utilizaci\u00f3n del mismo para sistemas o equipos el\u00e9ctricos, electr\u00f3nicos y\/o de telecomunicaciones espec\u00edficos, como por ejemplo: vigilabeb\u00e9s, Walkie Talkie, Centralita, etc. Tampoco podr\u00e1 utilizarse con fines comerciales en negocios o empresas identificados como Locutorios o Cibercaf\u00e9s. Asimismo, a t\u00edtulo enunciativo y no limitativo, se presume un uso irrazonable o irregular cuando el Cliente utilice m\u00e1s de 3.000 minutos al mes, llame a m\u00e1s de 150 destinos diferentes o realice llamadas continuadas de m\u00e1s de 60 minutos de duraci\u00f3n media.<\/p><p>Tarifas ilimitadas limitadas a 3000 minutos y 150 destinos diferentes. Superaci\u00f3n de estos l\u00edmites: Llamadas nacionales: 0,084 \u20ac\/min. Establecimiento de llamada: 0,00 \u20ac\/llamada. SMS nacional: 0,097 \u20ac\/SMS. SMS internacionales: 0,24 \u20ac\/SMS. Una vez superados los GB contratados, podr\u00e1s seguir navegando sin cortes 1 GB m\u00e1s a 16 kbps por cortes\u00eda de Expat Internet. *Consulta otras condiciones tarifarias en la tienda.<\/p><p><strong>Condiciones del Tarifa internacional:<br><\/strong>INCLUIDOS FIJOS Y M\u00d3VILES DE FRANCIA, ALEMANIA, REINO UNIDO, IRLANDA, B\u00c9LGICA, HOLANDA, DINAMARCA, SUECIA, ITALIA, LUXEMBURGO, AUSTRIA, FINLANDIA, GRECIA, ISLANDIA, EE.UU. Y CANAD\u00c1. Sin establecimiento para llamadas internacionales. Una vez consumidos los minutos incluidos en la tarifa, las llamadas nacionales se cobran a 0,084 \u20ac\/minuto (sin establecimiento).<\/p><p>Precio del SMS nacional<\/p><p>RESOLUCI\u00d3N DE LITIGIOS EN L\u00cdNEA<\/p><p>De conformidad con lo dispuesto en el Reglamento UE 524\/2013 sobre resoluci\u00f3n de litigios en l\u00ednea en materia de consumo (RLL &#8211; Resoluci\u00f3n de litigios en l\u00ednea), te informamos de que, como consumidor, tienes a tu disposici\u00f3n un procedimiento para resolver diversos litigios derivados de la venta en l\u00ednea de bienes y servicios en la UE. Tienes a tu disposici\u00f3n la plataforma ODR (Resoluci\u00f3n de litigios en l\u00ednea) de la UE:<\/p><p>http:\/\/ec.europa.eu\/consumers\/odr\/<\/p><p>Encontrar\u00e1 m\u00e1s informaci\u00f3n en el siguiente enlace:<br>http:\/\/eur-lex.europa.eu\/legal-content\/ES\/TXT\/PDF\/?uri=CELEX:32013R0524<\/p>\t\t\t\t\t\t\t\t<\/div>\n\t\t\t\t<\/div>\n\t\t\t\t\t<\/div>\n\t\t<\/div>\n\t\t\t\t\t<\/div>\n\t\t<\/section>\n\t\t<div class=\"elementor-element elementor-element-eb2853f e-flex e-con-boxed e-con e-parent\" data-id=\"eb2853f\" data-element_type=\"container\">\n\t\t\t\t\t<div class=\"e-con-inner\">\n\t\t\t\t\t<\/div>\n\t\t\t\t<\/div>\n\t\t\t\t<\/div>\n\t\t","protected":false},"excerpt":{"rendered":"<p>Condiciones del servicio GENERAL Todos los precios incluyen el IVA. Precios v\u00e1lidos salvo error tipogr\u00e1fico. Ofertas sujetas a disponibilidad geogr\u00e1fica. Todo el equipo es propiedad de Expat Internet SL y debe ser devuelto al final del periodo del contrato. FIBRA FUERA DE LA RED S\u00f3lo fibra &#8211; Fibra 300mb: 12 meses de permanencia. Despu\u00e9s su [&hellip;]<\/p>\n","protected":false},"author":1,"featured_media":0,"parent":0,"menu_order":0,"comment_status":"closed","ping_status":"closed","template":"","meta":{"_joinchat":[],"footnotes":""},"yoast_head":"<!-- This site is optimized with the Yoast SEO plugin v24.5 - https:\/\/yoast.com\/wordpress\/plugins\/seo\/ -->\n<title>Condiciones del servicio - Expat Internet<\/title>\n<meta name=\"robots\" content=\"index, follow, max-snippet:-1, max-image-preview:large, max-video-preview:-1\" \/>\n<link rel=\"canonical\" href=\"https:\/\/expatinternet.es\/es\/condiciones-del-servicio\/\" \/>\n<meta property=\"og:locale\" content=\"es_ES\" \/>\n<meta property=\"og:type\" content=\"article\" \/>\n<meta property=\"og:title\" content=\"Condiciones del servicio - Expat Internet\" \/>\n<meta property=\"og:description\" content=\"Condiciones del servicio GENERAL Todos los precios incluyen el IVA. Precios v\u00e1lidos salvo error tipogr\u00e1fico. Ofertas sujetas a disponibilidad geogr\u00e1fica. Todo el equipo es propiedad de Expat Internet SL y debe ser devuelto al final del periodo del contrato. FIBRA FUERA DE LA RED S\u00f3lo fibra &#8211; Fibra 300mb: 12 meses de permanencia. Despu\u00e9s su [&hellip;]\" \/>\n<meta property=\"og:url\" content=\"https:\/\/expatinternet.es\/es\/condiciones-del-servicio\/\" \/>\n<meta property=\"og:site_name\" content=\"Expat Internet\" \/>\n<meta property=\"article:publisher\" content=\"https:\/\/www.facebook.com\/profile.php?id=61557670696088\" \/>\n<meta property=\"article:modified_time\" content=\"2025-02-24T12:20:43+00:00\" \/>\n<meta name=\"twitter:card\" content=\"summary_large_image\" \/>\n<meta name=\"twitter:label1\" content=\"Tiempo de lectura\" \/>\n\t<meta name=\"twitter:data1\" content=\"3 minutos\" \/>\n<script type=\"application\/ld+json\" class=\"yoast-schema-graph\">{\"@context\":\"https:\/\/schema.org\",\"@graph\":[{\"@type\":\"WebPage\",\"@id\":\"https:\/\/expatinternet.es\/es\/condiciones-del-servicio\/\",\"url\":\"https:\/\/expatinternet.es\/es\/condiciones-del-servicio\/\",\"name\":\"Condiciones del servicio - Expat Internet\",\"isPartOf\":{\"@id\":\"https:\/\/expatinternet.es\/es\/#website\"},\"datePublished\":\"2024-05-15T10:35:43+00:00\",\"dateModified\":\"2025-02-24T12:20:43+00:00\",\"breadcrumb\":{\"@id\":\"https:\/\/expatinternet.es\/es\/condiciones-del-servicio\/#breadcrumb\"},\"inLanguage\":\"es\",\"potentialAction\":[{\"@type\":\"ReadAction\",\"target\":[\"https:\/\/expatinternet.es\/es\/condiciones-del-servicio\/\"]}]},{\"@type\":\"BreadcrumbList\",\"@id\":\"https:\/\/expatinternet.es\/es\/condiciones-del-servicio\/#breadcrumb\",\"itemListElement\":[{\"@type\":\"ListItem\",\"position\":1,\"name\":\"Home\",\"item\":\"https:\/\/expatinternet.es\/es\/\"},{\"@type\":\"ListItem\",\"position\":2,\"name\":\"Condiciones del servicio\"}]},{\"@type\":\"WebSite\",\"@id\":\"https:\/\/expatinternet.es\/es\/#website\",\"url\":\"https:\/\/expatinternet.es\/es\/\",\"name\":\"Expat Internet\",\"description\":\"For All Your Internet Needs\",\"publisher\":{\"@id\":\"https:\/\/expatinternet.es\/es\/#organization\"},\"potentialAction\":[{\"@type\":\"SearchAction\",\"target\":{\"@type\":\"EntryPoint\",\"urlTemplate\":\"https:\/\/expatinternet.es\/es\/?s={search_term_string}\"},\"query-input\":{\"@type\":\"PropertyValueSpecification\",\"valueRequired\":true,\"valueName\":\"search_term_string\"}}],\"inLanguage\":\"es\"},{\"@type\":\"Organization\",\"@id\":\"https:\/\/expatinternet.es\/es\/#organization\",\"name\":\"Expat Internet\",\"url\":\"https:\/\/expatinternet.es\/es\/\",\"logo\":{\"@type\":\"ImageObject\",\"inLanguage\":\"es\",\"@id\":\"https:\/\/expatinternet.es\/es\/#\/schema\/logo\/image\/\",\"url\":\"https:\/\/expatinternet.es\/wp-content\/uploads\/2024\/08\/ISOTIPO-APP-COLOR.png\",\"contentUrl\":\"https:\/\/expatinternet.es\/wp-content\/uploads\/2024\/08\/ISOTIPO-APP-COLOR.png\",\"width\":1080,\"height\":1081,\"caption\":\"Expat Internet\"},\"image\":{\"@id\":\"https:\/\/expatinternet.es\/es\/#\/schema\/logo\/image\/\"},\"sameAs\":[\"https:\/\/www.facebook.com\/profile.php?id=61557670696088\",\"https:\/\/www.instagram.com\/expat_net\/\"]}]}<\/script>\n<!-- \/ Yoast SEO plugin. -->","yoast_head_json":{"title":"Condiciones del servicio - Expat Internet","robots":{"index":"index","follow":"follow","max-snippet":"max-snippet:-1","max-image-preview":"max-image-preview:large","max-video-preview":"max-video-preview:-1"},"canonical":"https:\/\/expatinternet.es\/es\/condiciones-del-servicio\/","og_locale":"es_ES","og_type":"article","og_title":"Condiciones del servicio - Expat Internet","og_description":"Condiciones del servicio GENERAL Todos los precios incluyen el IVA. Precios v\u00e1lidos salvo error tipogr\u00e1fico. Ofertas sujetas a disponibilidad geogr\u00e1fica. Todo el equipo es propiedad de Expat Internet SL y debe ser devuelto al final del periodo del contrato. FIBRA FUERA DE LA RED S\u00f3lo fibra &#8211; Fibra 300mb: 12 meses de permanencia. Despu\u00e9s su [&hellip;]","og_url":"https:\/\/expatinternet.es\/es\/condiciones-del-servicio\/","og_site_name":"Expat Internet","article_publisher":"https:\/\/www.facebook.com\/profile.php?id=61557670696088","article_modified_time":"2025-02-24T12:20:43+00:00","twitter_card":"summary_large_image","twitter_misc":{"Tiempo de lectura":"3 minutos"},"schema":{"@context":"https:\/\/schema.org","@graph":[{"@type":"WebPage","@id":"https:\/\/expatinternet.es\/es\/condiciones-del-servicio\/","url":"https:\/\/expatinternet.es\/es\/condiciones-del-servicio\/","name":"Condiciones del servicio - Expat Internet","isPartOf":{"@id":"https:\/\/expatinternet.es\/es\/#website"},"datePublished":"2024-05-15T10:35:43+00:00","dateModified":"2025-02-24T12:20:43+00:00","breadcrumb":{"@id":"https:\/\/expatinternet.es\/es\/condiciones-del-servicio\/#breadcrumb"},"inLanguage":"es","potentialAction":[{"@type":"ReadAction","target":["https:\/\/expatinternet.es\/es\/condiciones-del-servicio\/"]}]},{"@type":"BreadcrumbList","@id":"https:\/\/expatinternet.es\/es\/condiciones-del-servicio\/#breadcrumb","itemListElement":[{"@type":"ListItem","position":1,"name":"Home","item":"https:\/\/expatinternet.es\/es\/"},{"@type":"ListItem","position":2,"name":"Condiciones del servicio"}]},{"@type":"WebSite","@id":"https:\/\/expatinternet.es\/es\/#website","url":"https:\/\/expatinternet.es\/es\/","name":"Expat Internet","description":"For All Your Internet Needs","publisher":{"@id":"https:\/\/expatinternet.es\/es\/#organization"},"potentialAction":[{"@type":"SearchAction","target":{"@type":"EntryPoint","urlTemplate":"https:\/\/expatinternet.es\/es\/?s={search_term_string}"},"query-input":{"@type":"PropertyValueSpecification","valueRequired":true,"valueName":"search_term_string"}}],"inLanguage":"es"},{"@type":"Organization","@id":"https:\/\/expatinternet.es\/es\/#organization","name":"Expat Internet","url":"https:\/\/expatinternet.es\/es\/","logo":{"@type":"ImageObject","inLanguage":"es","@id":"https:\/\/expatinternet.es\/es\/#\/schema\/logo\/image\/","url":"https:\/\/expatinternet.es\/wp-content\/uploads\/2024\/08\/ISOTIPO-APP-COLOR.png","contentUrl":"https:\/\/expatinternet.es\/wp-content\/uploads\/2024\/08\/ISOTIPO-APP-COLOR.png","width":1080,"height":1081,"caption":"Expat Internet"},"image":{"@id":"https:\/\/expatinternet.es\/es\/#\/schema\/logo\/image\/"},"sameAs":["https:\/\/www.facebook.com\/profile.php?id=61557670696088","https:\/\/www.instagram.com\/expat_net\/"]}]}},"_links":{"self":[{"href":"https:\/\/expatinternet.es\/es\/wp-json\/wp\/v2\/pages\/1013"}],"collection":[{"href":"https:\/\/expatinternet.es\/es\/wp-json\/wp\/v2\/pages"}],"about":[{"href":"https:\/\/expatinternet.es\/es\/wp-json\/wp\/v2\/types\/page"}],"author":[{"embeddable":true,"href":"https:\/\/expatinternet.es\/es\/wp-json\/wp\/v2\/users\/1"}],"replies":[{"embeddable":true,"href":"https:\/\/expatinternet.es\/es\/wp-json\/wp\/v2\/comments?post=1013"}],"version-history":[{"count":6,"href":"https:\/\/expatinternet.es\/es\/wp-json\/wp\/v2\/pages\/1013\/revisions"}],"predecessor-version":[{"id":3413,"href":"https:\/\/expatinternet.es\/es\/wp-json\/wp\/v2\/pages\/1013\/revisions\/3413"}],"wp:attachment":[{"href":"https:\/\/expatinternet.es\/es\/wp-json\/wp\/v2\/media?parent=1013"}],"curies":[{"name":"wp","href":"https:\/\/api.w.org\/{rel}","templated":true}]}}