{"id":1104,"date":"2024-05-15T12:00:05","date_gmt":"2024-05-15T10:00:05","guid":{"rendered":"https:\/\/expatinternet.es\/aviso-legal\/"},"modified":"2025-02-24T13:20:43","modified_gmt":"2025-02-24T12:20:43","slug":"aviso-legal","status":"publish","type":"page","link":"https:\/\/expatinternet.es\/es\/aviso-legal\/","title":{"rendered":"Aviso legal"},"content":{"rendered":"\t\t<div data-elementor-type=\"wp-page\" data-elementor-id=\"1104\" class=\"elementor elementor-1104 elementor-744\">\n\t\t\t\t<div class=\"elementor-element elementor-element-8d74829 e-flex e-con-boxed e-con e-parent\" data-id=\"8d74829\" data-element_type=\"container\">\n\t\t\t\t\t<div class=\"e-con-inner\">\n\t\t\t\t\t<\/div>\n\t\t\t\t<\/div>\n\t\t\t\t<section class=\"elementor-section elementor-top-section elementor-element elementor-element-8596ba2 elementor-section-boxed elementor-section-height-default elementor-section-height-default\" data-id=\"8596ba2\" data-element_type=\"section\">\n\t\t\t\t\t\t<div class=\"elementor-container elementor-column-gap-default\">\n\t\t\t\t\t<div class=\"elementor-column elementor-col-100 elementor-top-column elementor-element elementor-element-3cb59f4\" data-id=\"3cb59f4\" data-element_type=\"column\">\n\t\t\t<div class=\"elementor-widget-wrap elementor-element-populated\">\n\t\t\t\t\t\t<div class=\"elementor-element elementor-element-d4f12cd elementor-widget elementor-widget-hub_fancy_heading\" data-id=\"d4f12cd\" data-element_type=\"widget\" data-widget_type=\"hub_fancy_heading.default\">\n\t\t\t\t<div class=\"elementor-widget-container\">\n\t\t\t\t\t\n\t\t<div id=\"ld-fancy-heading-69f0cf303ddb2\" class=\"ld-fancy-heading pos-rel\">\n\t\t\t<h1 class=\"ld-fh-element d-inline-block pos-rel  elementor-heading-title lqd-highlight-classic lqd-highlight-grow-left h1\"  > Aviso legal<\/h1>\t\t<\/div>\n\n\t\t\t\t\t\t<\/div>\n\t\t\t\t<\/div>\n\t\t\t\t<div class=\"elementor-element elementor-element-aaabac8 elementor-widget elementor-widget-text-editor\" data-id=\"aaabac8\" data-element_type=\"widget\" data-widget_type=\"text-editor.default\">\n\t\t\t\t<div class=\"elementor-widget-container\">\n\t\t\t\t\t\t\t\t\t<p>En cumplimiento con el deber de informaci\u00f3n recogido en el art\u00edculo 10 de la Ley 34\/2002, de 11 de julio, de Servicios de la Sociedad de la Informaci\u00f3n y de Comercio Electr\u00f3nico, a continuaci\u00f3n se reflejan los siguientes datos: La empresa titular del sitio web (en adelante, LA EMPRESA) pone a tu disposici\u00f3n la siguiente informaci\u00f3n:<\/p><table width=\"576\"><tbody><tr><td width=\"181\">Nombre de la empresa:<\/td><td width=\"395\">\n  <strong>Expat Internet S.L.<\/strong>\n<\/td><\/tr><tr><td width=\"181\">C.I.F:<\/td><td width=\"395\">B16368193<\/td><\/tr><tr><td width=\"181\">Domicilio social:<\/td><td width=\"395\">CALLE PINTADA (PSJE CANTARERO), 156 &#8211; LOC 2. Nerja<\/td><\/tr><tr><td width=\"181\">Tel\u00e9fono<\/td><td width=\"395\">(+34) 951 557 777<\/td><\/tr><tr><td width=\"181\">Correo electr\u00f3nico:<\/td><td width=\"395\">lopd@expatinternet.es<\/td><\/tr><tr><td width=\"181\">Datos registrales:<\/td><td width=\"395\">Registro Mercantil de M\u00e1laga. <span style=\"color: #4a4a4a; font-family: Outfit, ui-sans-serif, system-ui, -apple-system, BlinkMacSystemFont, 'Segoe UI', Roboto, 'Helvetica Neue', Arial, 'Noto Sans', sans-serif, 'Apple Color Emoji', 'Segoe UI Emoji', 'Segoe UI Symbol', 'Noto Color Emoji'; font-size: medium;\">T 6497, L 5405, F 147, S 8, H MA181450, I\/A 1<\/span><\/td><\/tr><\/tbody><\/table><ol><li><strong>CONDICIONES GENERALES DE USO DEL SITIO WEB Y SU ACEPTACI\u00d3N<\/strong><\/li><\/ol><p>El presente aviso (en adelante, el &#8220;Aviso Legal&#8221;) regula el uso del servicio de acceso y utilizaci\u00f3n del sitio web que Expat Internet S.L. (en adelante, &#8220;LA EMPRESA&#8221;) pone a tu disposici\u00f3n.<\/p><p>La utilizaci\u00f3n del Sitio Web atribuye la condici\u00f3n de usuario del Sitio Web (en adelante, el &#8220;Usuario&#8221;) e implica la aceptaci\u00f3n plena y sin reservas de todas y cada una de las disposiciones incluidas en este Aviso Legal en la versi\u00f3n publicada por LA EMPRESA en el momento mismo en que el Usuario acceda al Sitio Web.<\/p><p>LA EMPRESA se reserva el derecho a modificar unilateralmente, en cualquier momento y sin aviso previo, la presentaci\u00f3n y configuraci\u00f3n de los contenidos y servicios del Sitio Web, as\u00ed como las condiciones requeridas para su utilizaci\u00f3n cuando ello sea conveniente para su mejor prestaci\u00f3n.<\/p><p>Los contenidos de este sitio web est\u00e1n protegidos por las leyes de propiedad intelectual.<br>Estos contenidos deben ser utilizados de forma correcta y l\u00edcita por el usuario y, en particular, el usuario se obliga a usar estos contenidos de forma diligente, correcta y l\u00edcita.<\/p><p>Los contenidos no podr\u00e1n ser utilizados de forma contraria a la ley, a la moral o a las buenas costumbres aceptadas en orden p\u00fablico. Queda prohibida la transmisi\u00f3n de cualquier tipo de datos que realices a este sitio web, o a otros pertenecientes a terceras empresas cuyos enlaces puedan encontrarse en este sitio web, que infrinjan los derechos de propiedad de terceros, sean obscenos, pornogr\u00e1ficos, difamatorios, amenazadores o material que pueda ser considerado delito o falta seg\u00fan el C\u00f3digo Penal vigente. Queda prohibida la reproducci\u00f3n, copia, distribuci\u00f3n, transformaci\u00f3n o modificaci\u00f3n de los contenidos (textos, im\u00e1genes, voces o estructura), salvo que se cuente con la autorizaci\u00f3n expresa y por escrito del titular de los derechos adquiridos.<\/p><ol start=\"2\"><li style=\"list-style-type: none\"><ol start=\"2\"><li><strong>OBJETO<\/strong><\/li><\/ol><\/li><\/ol><p>A trav\u00e9s del sitio web, LA EMPRESA facilita a los Usuarios y Socios informaci\u00f3n sobre diversos servicios y contenidos puestos a disposici\u00f3n por LA EMPRESA.<\/p><ol start=\"2\"><li style=\"list-style-type: none\"><ol start=\"2\"><li style=\"list-style-type: none\"><ol start=\"3\"><li><strong>CONDICIONES DE ACCESO Y USO DEL SITIO WEB<\/strong><\/li><\/ol><\/li><\/ol><\/li><\/ol><p><strong>3.1 Libre acceso y uso del sitio web<\/strong><\/p><p>El uso del sitio web es gratuito. No obstante lo anterior, algunos de los Servicios suministrados por LA EMPRESA a trav\u00e9s del sitio web pueden estar sujetos al pago de un precio en la forma que se determine en los correspondientes contratos.<\/p><p>3.2 Exactitud de la informaci\u00f3n<\/p><p>Toda la informaci\u00f3n facilitada por el usuario a trav\u00e9s del sitio web debe ser veraz. A estos efectos, el usuario garantiza la autenticidad de todos aquellos datos que comunique como consecuencia de la cumplimentaci\u00f3n de los formularios de solicitud de informaci\u00f3n. Asimismo, la informaci\u00f3n facilitada a LA EMPRESA deber\u00e1 mantenerse actualizada. En todo caso ser\u00e1 el usuario el \u00fanico responsable de las manifestaciones falsas o inexactas que realice y de los perjuicios que cause a LA EMPRESA o a terceros por la informaci\u00f3n que facilite.<\/p><p>3.3 Obligaci\u00f3n de hacer un uso correcto del Sitio Web<\/p><p>El usuario se compromete a utilizar el Sitio Web de conformidad con la ley, el presente Aviso Legal, y dem\u00e1s avisos, reglamentos de uso e instrucciones puestos en su conocimiento, as\u00ed como con la moral y las buenas costumbres generalmente aceptadas y el orden p\u00fablico.<\/p><p>A tal efecto, el usuario se abstendr\u00e1 de utilizar el sitio web con fines o efectos il\u00edcitos, prohibidos en el presente Aviso Legal, lesivos de los derechos e intereses de terceros, o que de cualquier forma puedan da\u00f1ar, inutilizar, sobrecargar, deteriorar o impedir la normal utilizaci\u00f3n del sitio web, los equipos inform\u00e1ticos o los documentos, archivos y toda clase de contenidos almacenados en cualquier equipo inform\u00e1tico de LA EMPRESA o de cualquier usuario de Internet (hardware y software).<\/p><p><strong>4. Blog<\/strong><\/p><p>En la secci\u00f3n blog, los usuarios del sitio pueden leer noticias de inter\u00e9s, pero no pueden dejar comentarios.<\/p><p>LA EMPRESA no recoge informaci\u00f3n personal ni publica comentarios a trav\u00e9s del Blog.<\/p><p><strong>5. DERECHOS DE AUTOR Y MARCAS REGISTRADAS<\/strong><\/p><p>Todas las marcas, nombres comerciales o signos distintivos de cualquier clase que aparecen en el sitio web son propiedad de LA EMPRESA o de terceros, sin que pueda entenderse que el uso o acceso al sitio web y\/o a los servicios del \u00e1rea de clientes atribuya al usuario derecho alguno sobre las citadas marcas, nombres comerciales y\/o signos distintivos. Asimismo, los Contenidos son propiedad intelectual de LA EMPRESA o de terceros, sin que puedan entenderse cedidos al usuario, en virtud de lo establecido en este Aviso Legal, ninguno de los derechos de explotaci\u00f3n que existen o puedan existir sobre dichos Contenidos m\u00e1s all\u00e1 de lo estrictamente necesario para el correcto uso de la web.<\/p><p>6. <strong>RESPONSABILIDAD POR DA\u00d1OS Y PERJUICIOS<\/strong>.<\/p><p>El usuario del sitio web o de cualquiera de las p\u00e1ginas web de terceras empresas, incluidas en el sitio web o a las que se acceda mediante un enlace desde el mismo, ser\u00e1 responsable de los Da\u00f1os y Perjuicios que LA EMPRESA pueda sufrir directa o indirectamente, como consecuencia del incumplimiento de cualquiera de las obligaciones establecidas en el presente Aviso Legal.<\/p><p>7. <strong>L\u00cdMITE DE RESPONSABILIDAD<\/strong>.<\/p><p>7.1. Exclusi\u00f3n de garant\u00edas y de responsabilidad por el funcionamiento del sitio web.<\/p><p>LA EMPRESA no garantiza la disponibilidad del funcionamiento de los servicios de la web.<br>Cuando ello sea razonablemente posible, LA EMPRESA advertir\u00e1 previamente de las interrupciones en el funcionamiento de la web. LA EMPRESA no garantiza la unidad de los Servicios para la realizaci\u00f3n de ninguna actividad en particular, ni su inhabilidad y, en particular, aunque no de modo exclusivo, que los usuarios puedan efectivamente utilizar los Servicios y acceder a las distintas p\u00e1ginas web desde las que se prestan los Servicios.<\/p><p>7.2. Privacidad y seguridad en el uso del sitio web.<\/p><p>LA EMPRESA no garantiza la privacidad y seguridad de la utilizaci\u00f3n del sitio web y no puede garantizar la invulnerabilidad absoluta de sus sistemas de seguridad.<\/p><p>7.3. Exclusi\u00f3n de garant\u00edas y de responsabilidad por los Contenidos.<\/p><p>LA EMPRESA no controla ni garantiza la ausencia de virus ni de otros elementos en los Contenidos que puedan producir alteraciones en el sistema inform\u00e1tico (software y hardware) del usuario o en los documentos electr\u00f3nicos y ficheros almacenados en el mismo.<\/p><p>Del mismo modo, LA EMPRESA declina toda responsabilidad en caso de fallo en el funcionamiento, error, omisi\u00f3n, interrupci\u00f3n, retraso en la operaci\u00f3n de transmisi\u00f3n, fallo del sistema o de la l\u00ednea, as\u00ed como en el contenido, exactitud y opiniones expresadas y otras conexiones proporcionadas por estos medios.<\/p><p>LA EMPRESA no garantiza la licitud, fiabilidad y utilidad de los Contenidos, as\u00ed como tampoco su veracidad, exactitud, exhaustividad y actualidad. Este sitio web puede establecer enlaces con otros sitios web pertenecientes a terceros, sobre los que LA EMPRESA no ejerce ning\u00fan tipo de control. En estos casos, LA EMPRESA no asume ninguna responsabilidad por la informaci\u00f3n contenida en estas p\u00e1ginas o por los servicios o productos incluidos u ofrecidos en las mismas.<\/p><p>7.4. Deber de cooperar con las Autoridades Competentes.<\/p><p>En el caso de que una autoridad judicial comunique a LA EMPRESA o \u00e9sta tenga conocimiento efectivo de la existencia de informaci\u00f3n il\u00edcita contenida en el sitio web o que lesione bienes o derechos de un tercero susceptibles de indemnizaci\u00f3n, LA EMPRESA colaborar\u00e1 con los \u00f3rganos competentes en la identificaci\u00f3n de las personas responsables de haber publicado la informaci\u00f3n il\u00edcita, y en todo caso, proceder\u00e1 a retirar dicha informaci\u00f3n o a hacer imposible el acceso a la misma.<\/p><p>7.5. Exclusi\u00f3n de responsabilidad.<\/p><p>LA EMPRESA EXCLUYE CUALQUIER RESPONSABILIDAD POR DA\u00d1OS Y PERJUICIOS DE CUALQUIER TIPO QUE PUEDAN DERIVARSE DIRECTA O INDIRECTAMENTE DE ACTOS NO GARANTIZADOS EN VIRTUD DE LAS CL\u00c1USULAS 7.1, 7.2, 7.3 ANTERIORES. y 7.4.<\/p><p><strong>8- POL\u00cdTICA DE PROTECCI\u00d3N DE DATOS<\/strong><\/p><p>LA EMPRESA ha establecido una pol\u00edtica de privacidad con respecto a los datos personales que recopila, procesa o posee, que est\u00e1 claramente definida en la pol\u00edtica de privacidad.<\/p><p><strong>9- DURACI\u00d3N<\/strong><\/p><p>LA EMPRESA podr\u00e1 interrumpir el servicio web, no obstante, est\u00e1 autorizada para dar por terminada o suspender la prestaci\u00f3n de los Servicios en cualquier momento. Cuando ello sea razonablemente posible, LA EMPRESA advertir\u00e1 previamente la terminaci\u00f3n o suspensi\u00f3n de la prestaci\u00f3n de los servicios del sitio web.<\/p><p><strong>10- JURISDICCI\u00d3N<\/strong><\/p><p>Las partes, con renuncia expresa a su propio fuero, aceptan como legislaci\u00f3n rectora del presente contrato la espa\u00f1ola, y se someten para la resoluci\u00f3n de cuantos litigios pudieran derivarse del mismo a los Juzgados y Tribunales de MALAGA.<\/p><p><strong>11- LEGISLACI\u00d3N<\/strong><\/p><p>Las presentes Condiciones Generales se rigen por la legislaci\u00f3n espa\u00f1ola.<\/p><p>Queda prohibida la reproducci\u00f3n, copia, distribuci\u00f3n, transformaci\u00f3n o modificaci\u00f3n de contenidos (texto, im\u00e1genes, voz o estructura) sin la autorizaci\u00f3n expresa y por escrito del titular de los derechos adquiridos.<\/p>\t\t\t\t\t\t\t\t<\/div>\n\t\t\t\t<\/div>\n\t\t\t\t<div class=\"elementor-element elementor-element-3e50228 elementor-widget__width-initial elementor-widget elementor-widget-image\" data-id=\"3e50228\" data-element_type=\"widget\" data-widget_type=\"image.default\">\n\t\t\t\t<div class=\"elementor-widget-container\">\n\t\t\t\t\t\t\t\t\t\t\t\t\t\t\t<img fetchpriority=\"high\" decoding=\"async\" width=\"768\" height=\"164\" src=\"https:\/\/expatinternet.es\/wp-content\/uploads\/2024\/05\/SELLO-WEB-ADECUACION-RGPD-LOPD-V2.jpg\" class=\"attachment-medium_large size-medium_large wp-image-992\" alt=\"\" srcset=\"https:\/\/expatinternet.es\/wp-content\/uploads\/2024\/05\/SELLO-WEB-ADECUACION-RGPD-LOPD-V2.jpg 1600w, https:\/\/expatinternet.es\/wp-content\/uploads\/2024\/05\/SELLO-WEB-ADECUACION-RGPD-LOPD-V2-300x64.jpg 300w, https:\/\/expatinternet.es\/wp-content\/uploads\/2024\/05\/SELLO-WEB-ADECUACION-RGPD-LOPD-V2-1024x219.jpg 1024w, https:\/\/expatinternet.es\/wp-content\/uploads\/2024\/05\/SELLO-WEB-ADECUACION-RGPD-LOPD-V2-1536x328.jpg 1536w\" sizes=\"(max-width: 768px) 100vw, 768px\" \/>\t\t\t\t\t\t\t\t\t\t\t\t\t\t\t<\/div>\n\t\t\t\t<\/div>\n\t\t\t\t\t<\/div>\n\t\t<\/div>\n\t\t\t\t\t<\/div>\n\t\t<\/section>\n\t\t\t\t<\/div>\n\t\t","protected":false},"excerpt":{"rendered":"<p>Aviso legal En cumplimiento con el deber de informaci\u00f3n recogido en el art\u00edculo 10 de la Ley 34\/2002, de 11 de julio, de Servicios de la Sociedad de la Informaci\u00f3n y de Comercio Electr\u00f3nico, a continuaci\u00f3n se reflejan los siguientes datos: La empresa titular del sitio web (en adelante, LA EMPRESA) pone a tu disposici\u00f3n [&hellip;]<\/p>\n","protected":false},"author":1,"featured_media":0,"parent":0,"menu_order":0,"comment_status":"closed","ping_status":"closed","template":"","meta":{"_joinchat":[],"footnotes":""},"yoast_head":"<!-- This site is optimized with the Yoast SEO plugin v24.5 - https:\/\/yoast.com\/wordpress\/plugins\/seo\/ -->\n<title>Aviso legal - Expat Internet<\/title>\n<meta name=\"robots\" content=\"index, follow, max-snippet:-1, max-image-preview:large, max-video-preview:-1\" \/>\n<link rel=\"canonical\" href=\"https:\/\/expatinternet.es\/es\/aviso-legal\/\" \/>\n<meta property=\"og:locale\" content=\"es_ES\" \/>\n<meta property=\"og:type\" content=\"article\" \/>\n<meta property=\"og:title\" content=\"Aviso legal - Expat Internet\" \/>\n<meta property=\"og:description\" content=\"Aviso legal En cumplimiento con el deber de informaci\u00f3n recogido en el art\u00edculo 10 de la Ley 34\/2002, de 11 de julio, de Servicios de la Sociedad de la Informaci\u00f3n y de Comercio Electr\u00f3nico, a continuaci\u00f3n se reflejan los siguientes datos: La empresa titular del sitio web (en adelante, LA EMPRESA) pone a tu disposici\u00f3n [&hellip;]\" \/>\n<meta property=\"og:url\" content=\"https:\/\/expatinternet.es\/es\/aviso-legal\/\" \/>\n<meta property=\"og:site_name\" content=\"Expat Internet\" \/>\n<meta property=\"article:publisher\" content=\"https:\/\/www.facebook.com\/profile.php?id=61557670696088\" \/>\n<meta property=\"article:modified_time\" content=\"2025-02-24T12:20:43+00:00\" \/>\n<meta name=\"twitter:card\" content=\"summary_large_image\" \/>\n<meta name=\"twitter:label1\" content=\"Tiempo de lectura\" \/>\n\t<meta name=\"twitter:data1\" content=\"8 minutos\" \/>\n<script type=\"application\/ld+json\" class=\"yoast-schema-graph\">{\"@context\":\"https:\/\/schema.org\",\"@graph\":[{\"@type\":\"WebPage\",\"@id\":\"https:\/\/expatinternet.es\/es\/aviso-legal\/\",\"url\":\"https:\/\/expatinternet.es\/es\/aviso-legal\/\",\"name\":\"Aviso legal - Expat Internet\",\"isPartOf\":{\"@id\":\"https:\/\/expatinternet.es\/es\/#website\"},\"datePublished\":\"2024-05-15T10:00:05+00:00\",\"dateModified\":\"2025-02-24T12:20:43+00:00\",\"breadcrumb\":{\"@id\":\"https:\/\/expatinternet.es\/es\/aviso-legal\/#breadcrumb\"},\"inLanguage\":\"es\",\"potentialAction\":[{\"@type\":\"ReadAction\",\"target\":[\"https:\/\/expatinternet.es\/es\/aviso-legal\/\"]}]},{\"@type\":\"BreadcrumbList\",\"@id\":\"https:\/\/expatinternet.es\/es\/aviso-legal\/#breadcrumb\",\"itemListElement\":[{\"@type\":\"ListItem\",\"position\":1,\"name\":\"Home\",\"item\":\"https:\/\/expatinternet.es\/es\/\"},{\"@type\":\"ListItem\",\"position\":2,\"name\":\"Aviso legal\"}]},{\"@type\":\"WebSite\",\"@id\":\"https:\/\/expatinternet.es\/es\/#website\",\"url\":\"https:\/\/expatinternet.es\/es\/\",\"name\":\"Expat Internet\",\"description\":\"For All Your Internet Needs\",\"publisher\":{\"@id\":\"https:\/\/expatinternet.es\/es\/#organization\"},\"potentialAction\":[{\"@type\":\"SearchAction\",\"target\":{\"@type\":\"EntryPoint\",\"urlTemplate\":\"https:\/\/expatinternet.es\/es\/?s={search_term_string}\"},\"query-input\":{\"@type\":\"PropertyValueSpecification\",\"valueRequired\":true,\"valueName\":\"search_term_string\"}}],\"inLanguage\":\"es\"},{\"@type\":\"Organization\",\"@id\":\"https:\/\/expatinternet.es\/es\/#organization\",\"name\":\"Expat Internet\",\"url\":\"https:\/\/expatinternet.es\/es\/\",\"logo\":{\"@type\":\"ImageObject\",\"inLanguage\":\"es\",\"@id\":\"https:\/\/expatinternet.es\/es\/#\/schema\/logo\/image\/\",\"url\":\"https:\/\/expatinternet.es\/wp-content\/uploads\/2024\/08\/ISOTIPO-APP-COLOR.png\",\"contentUrl\":\"https:\/\/expatinternet.es\/wp-content\/uploads\/2024\/08\/ISOTIPO-APP-COLOR.png\",\"width\":1080,\"height\":1081,\"caption\":\"Expat Internet\"},\"image\":{\"@id\":\"https:\/\/expatinternet.es\/es\/#\/schema\/logo\/image\/\"},\"sameAs\":[\"https:\/\/www.facebook.com\/profile.php?id=61557670696088\",\"https:\/\/www.instagram.com\/expat_net\/\"]}]}<\/script>\n<!-- \/ Yoast SEO plugin. -->","yoast_head_json":{"title":"Aviso legal - Expat Internet","robots":{"index":"index","follow":"follow","max-snippet":"max-snippet:-1","max-image-preview":"max-image-preview:large","max-video-preview":"max-video-preview:-1"},"canonical":"https:\/\/expatinternet.es\/es\/aviso-legal\/","og_locale":"es_ES","og_type":"article","og_title":"Aviso legal - Expat Internet","og_description":"Aviso legal En cumplimiento con el deber de informaci\u00f3n recogido en el art\u00edculo 10 de la Ley 34\/2002, de 11 de julio, de Servicios de la Sociedad de la Informaci\u00f3n y de Comercio Electr\u00f3nico, a continuaci\u00f3n se reflejan los siguientes datos: La empresa titular del sitio web (en adelante, LA EMPRESA) pone a tu disposici\u00f3n [&hellip;]","og_url":"https:\/\/expatinternet.es\/es\/aviso-legal\/","og_site_name":"Expat Internet","article_publisher":"https:\/\/www.facebook.com\/profile.php?id=61557670696088","article_modified_time":"2025-02-24T12:20:43+00:00","twitter_card":"summary_large_image","twitter_misc":{"Tiempo de lectura":"8 minutos"},"schema":{"@context":"https:\/\/schema.org","@graph":[{"@type":"WebPage","@id":"https:\/\/expatinternet.es\/es\/aviso-legal\/","url":"https:\/\/expatinternet.es\/es\/aviso-legal\/","name":"Aviso legal - Expat Internet","isPartOf":{"@id":"https:\/\/expatinternet.es\/es\/#website"},"datePublished":"2024-05-15T10:00:05+00:00","dateModified":"2025-02-24T12:20:43+00:00","breadcrumb":{"@id":"https:\/\/expatinternet.es\/es\/aviso-legal\/#breadcrumb"},"inLanguage":"es","potentialAction":[{"@type":"ReadAction","target":["https:\/\/expatinternet.es\/es\/aviso-legal\/"]}]},{"@type":"BreadcrumbList","@id":"https:\/\/expatinternet.es\/es\/aviso-legal\/#breadcrumb","itemListElement":[{"@type":"ListItem","position":1,"name":"Home","item":"https:\/\/expatinternet.es\/es\/"},{"@type":"ListItem","position":2,"name":"Aviso legal"}]},{"@type":"WebSite","@id":"https:\/\/expatinternet.es\/es\/#website","url":"https:\/\/expatinternet.es\/es\/","name":"Expat Internet","description":"For All Your Internet Needs","publisher":{"@id":"https:\/\/expatinternet.es\/es\/#organization"},"potentialAction":[{"@type":"SearchAction","target":{"@type":"EntryPoint","urlTemplate":"https:\/\/expatinternet.es\/es\/?s={search_term_string}"},"query-input":{"@type":"PropertyValueSpecification","valueRequired":true,"valueName":"search_term_string"}}],"inLanguage":"es"},{"@type":"Organization","@id":"https:\/\/expatinternet.es\/es\/#organization","name":"Expat Internet","url":"https:\/\/expatinternet.es\/es\/","logo":{"@type":"ImageObject","inLanguage":"es","@id":"https:\/\/expatinternet.es\/es\/#\/schema\/logo\/image\/","url":"https:\/\/expatinternet.es\/wp-content\/uploads\/2024\/08\/ISOTIPO-APP-COLOR.png","contentUrl":"https:\/\/expatinternet.es\/wp-content\/uploads\/2024\/08\/ISOTIPO-APP-COLOR.png","width":1080,"height":1081,"caption":"Expat Internet"},"image":{"@id":"https:\/\/expatinternet.es\/es\/#\/schema\/logo\/image\/"},"sameAs":["https:\/\/www.facebook.com\/profile.php?id=61557670696088","https:\/\/www.instagram.com\/expat_net\/"]}]}},"_links":{"self":[{"href":"https:\/\/expatinternet.es\/es\/wp-json\/wp\/v2\/pages\/1104"}],"collection":[{"href":"https:\/\/expatinternet.es\/es\/wp-json\/wp\/v2\/pages"}],"about":[{"href":"https:\/\/expatinternet.es\/es\/wp-json\/wp\/v2\/types\/page"}],"author":[{"embeddable":true,"href":"https:\/\/expatinternet.es\/es\/wp-json\/wp\/v2\/users\/1"}],"replies":[{"embeddable":true,"href":"https:\/\/expatinternet.es\/es\/wp-json\/wp\/v2\/comments?post=1104"}],"version-history":[{"count":7,"href":"https:\/\/expatinternet.es\/es\/wp-json\/wp\/v2\/pages\/1104\/revisions"}],"predecessor-version":[{"id":3408,"href":"https:\/\/expatinternet.es\/es\/wp-json\/wp\/v2\/pages\/1104\/revisions\/3408"}],"wp:attachment":[{"href":"https:\/\/expatinternet.es\/es\/wp-json\/wp\/v2\/media?parent=1104"}],"curies":[{"name":"wp","href":"https:\/\/api.w.org\/{rel}","templated":true}]}}